{"id":1050,"date":"2020-03-18T16:19:46","date_gmt":"2020-03-18T07:19:46","guid":{"rendered":"https:\/\/www.visitkintown.jp\/es\/?page_id=1050"},"modified":"2023-06-28T15:13:24","modified_gmt":"2023-06-28T06:13:24","slug":"wifi","status":"publish","type":"page","link":"https:\/\/www.visitkintown.jp\/es\/wifi","title":{"rendered":"Acerca de KinTownFreeWi-Fi (Kin Wi-Fi)"},"content":{"rendered":"<h2>\u00bfD\u00f3nde est\u00e1 instalado KinTownFreeWi-Fi?<\/h2>\n<p class=\"aligncenter\"><img decoding=\"async\" src=\"https:\/\/www.visitkintown.jp\/es\/admin\/wp-content\/uploads\/2023\/06\/wifi_map_es_202306.png\" alt=\"\"><\/p>\n<div class=\"row\">\n<div class=\"col col2\">\n<p><img decoding=\"async\" src=\"\/themes\/images\/wifi_active_park.jpg\" alt=\"\"><br \/>\n<strong>Parque Activo<\/strong><\/p>\n<\/div>\n<div class=\"col col2\">\n<p><img decoding=\"async\" src=\"\/themes\/images\/wifi_baseball.jpg\" alt=\"\"><br \/>\n<strong>Estadio de B\u00e9isbol Kin Town<\/strong><br \/>\nPuedes usar KinTownFreeWi-Fi al lado de la tribuna, en el estacionamiento<\/p>\n<\/div>\n<\/div>\n<div class=\"row\">\n<div class=\"col col2\">\n<p><img decoding=\"async\" src=\"\/themes\/images\/wifi_football.jpg\" alt=\"\"><br \/>\n<strong>Centro de Futbol Kin Town<\/strong><br \/>\nPuedes utilizar KinTownFreeWi-Fi dentro y en los alrededores de las oficinas administrativas e instalaciones sanitarias multifuncionales.<\/p>\n<\/div>\n<div class=\"col col2\">\n<p><img decoding=\"async\" src=\"\/themes\/images\/wifi_naturemiraikan.jpg\" alt=\"\"><br \/>\n<strong>Nature Mirai-kan<\/strong><br \/>\nEsto se puede utilizar como pilotis multiprop\u00f3sito del edificio as\u00ed como parte del sitio para acampar.<\/p>\n<\/div>\n<\/div>\n<div class=\"row\">\n<div class=\"col col2\">\n<p><img decoding=\"async\" src=\"https:\/\/www.visitkintown.jp\/es\/admin\/wp-content\/uploads\/2023\/03\/wifi_active_beach.jpg\" alt=\"\"><br \/>\n<strong>KIN Sunrise Beach Seaside Park<\/strong><br \/>\nEste servicio est\u00e1 disponible en el Edificio de la Administraci\u00f3n, el Edificio de Aseos y Duchas, el Edificio Piloti, el Edificio Norte de Aseos y Duchas y la playa situada frente al Edificio de la Administraci\u00f3n &#8211; Edificio Piloti.<br \/>\nAdem\u00e1s de la playa para nadar, el Parque Mar\u00edtimo KIN Sunrise Beach ofrece barbacoas y actividades de ocio mar\u00edtimo.<\/p>\n<\/div>\n<div class=\"col col2\">\n<p><img decoding=\"async\" src=\"https:\/\/www.visitkintown.jp\/es\/admin\/wp-content\/uploads\/2023\/06\/wifi_beachparking.jpg\" alt=\"\"><br \/>\n<strong>Estacionamiento de KIN Sunrise Beach<\/strong><br \/>\nPuede utilizar el estacionamiento que se encuentra junto al Kin Sunrise Beach Seaside Park (con capacidad para unos 260 autom\u00f3viles, con instalaciones para la observaci\u00f3n, ba\u00f1os y bancos para tomar un descanso). Desde la plataforma de observaci\u00f3n se puede contemplar la hermosa vista de la costa este, y el objeto de arte I\u2661KIN es tambi\u00e9n un buen lugar para tomarse algunas fotos.\n<\/div>\n<\/div>\n<h2 id=\"setting\">Conect\u00e1ndose a KinTownFreeWi-Fi<\/h2>\n<h3>Paso 1: Configura el SSID<\/h3>\n<p>En la secci\u00f3n de conexiones Wi-Fi, por favor selecciona el SSID (red inal\u00e1mbrica) &#8220;KinTownFreeWiFi&#8221;<br \/>\n*Aseg\u00farate de que la fuci\u00f3n Wi-Fi est\u00e1 activada<\/p>\n<p>Android: Ajustes > Conexiones > Wi-Fi<\/p>\n<p class=\"aligncenter\"><img decoding=\"async\" src=\"\/themes\/images\/wifi_android.png\" alt=\"\"><\/p>\n<p>iPhone y iPad: Ajustes > Wi-Fi > Seleccionar red<\/p>\n<p class=\"aligncenter\"><img decoding=\"async\" src=\"\/themes\/images\/wifi_iphone.png\" alt=\"\"><\/p>\n<h3>PASO 2: Abre tu navegador. Aparecer\u00e1n los t\u00e9rminos y condiciones <\/h3>\n<p>Lee los t\u00e9rminos de uso. Si est\u00e1s de acuerdo con estos t\u00e9rminos, selecciona \u201cacepto\u201d en la parte inferior<br \/>\n*Si no est\u00e1s de acuerdo con estos t\u00e9rminos, no podr\u00e1s utilizar KinTownFreeWi-Fi. Gracias por tu comprensi\u00f3n<\/p>\n<p class=\"aligncenter\"><img decoding=\"async\" src=\"\/themes\/images\/wifi_gonet.png\" alt=\"\"><\/p>\n<p>*Si no aparecen los t\u00e9rminos de uso, cierra tu navegador y vuelve a abrirlo<\/p>\n<h3>PASO 3: KinTownFreeWi-Fi est\u00e1 disponible de 8:00 a. m. a 12:00 p.m.<\/h3>\n<p>Despu\u00e9s de seleccionar \u201cacepto,\u201d podr\u00e1s acceder a internet a trav\u00e9s de KinTownFreeWi-Fi<br \/>\n*Algunos sitios web no estar\u00e1n disponibles. Gracias por tu comprensi\u00f3n<\/p>\n<p>Puedes usar KinTownFreeWi-Fi entre de 8:00 a.m. a 12:00 p.m.<\/p>\n<p>Necesitar\u00e1s aceptar otra vez los t\u00e9rminos y condiciones cada 24 horas<br \/>\n*La pantalla con los t\u00e9rminos y las condiciones volver\u00e1 a aparecer despu\u00e9s<\/p>\n<p class=\"aligncenter\"><img decoding=\"async\" src=\"\/themes\/images\/wifi_scr_kintown.png\" alt=\"\"><\/p>\n","protected":false},"excerpt":{"rendered":"<p>\u00bfD\u00f3nde est\u00e1 instalado KinTownFreeWi-Fi? Parque Activo Estadio de B\u00e9isbol Kin Town Puedes usar KinTownFreeWi-Fi [&hellip;]<\/p>\n","protected":false},"author":1,"featured_media":0,"parent":0,"menu_order":0,"comment_status":"closed","ping_status":"closed","template":"","meta":{"_acf_changed":false,"footnotes":""},"class_list":["post-1050","page","type-page","status-publish","hentry"],"acf":[],"aioseo_notices":[],"_links":{"self":[{"href":"https:\/\/www.visitkintown.jp\/es\/wp-json\/wp\/v2\/pages\/1050","targetHints":{"allow":["GET"]}}],"collection":[{"href":"https:\/\/www.visitkintown.jp\/es\/wp-json\/wp\/v2\/pages"}],"about":[{"href":"https:\/\/www.visitkintown.jp\/es\/wp-json\/wp\/v2\/types\/page"}],"author":[{"embeddable":true,"href":"https:\/\/www.visitkintown.jp\/es\/wp-json\/wp\/v2\/users\/1"}],"replies":[{"embeddable":true,"href":"https:\/\/www.visitkintown.jp\/es\/wp-json\/wp\/v2\/comments?post=1050"}],"version-history":[{"count":0,"href":"https:\/\/www.visitkintown.jp\/es\/wp-json\/wp\/v2\/pages\/1050\/revisions"}],"wp:attachment":[{"href":"https:\/\/www.visitkintown.jp\/es\/wp-json\/wp\/v2\/media?parent=1050"}],"curies":[{"name":"wp","href":"https:\/\/api.w.org\/{rel}","templated":true}]}}