{"id":1052,"date":"2020-03-18T16:19:46","date_gmt":"2020-03-18T07:19:46","guid":{"rendered":"https:\/\/www.visitkintown.jp\/es\/?page_id=1052"},"modified":"2023-06-28T15:14:40","modified_gmt":"2023-06-28T06:14:40","slug":"faq","status":"publish","type":"page","link":"https:\/\/www.visitkintown.jp\/es\/wifi\/faq","title":{"rendered":"Preguntas frecuentes sobre Kin Town Free Wi-Fi"},"content":{"rendered":"<h2>[Overview of the service]<\/h2>\n<h3>P: \u00bfQu\u00e9 tipo de servicio es KinTownFreeWi-Fi?<\/h3>\n<p>R: Es un servicio de red inal\u00e1mbrica local ofrecido por Kin. Cualquiera que tenga un dispositivo capaz de conectarse a redes Wi-Fi puede usar KinTownFreeWi-Fi de manera gratuita.<\/p>\n<h3>P: \u00bfD\u00f3nde puedo usar el servicio?<\/h3>\n<p>R: Puedes usarlo en instalaciones como el Kin Active Park, el estadio de b\u00e9isbol Kin, el centro de f\u00fatbol Kin, Nature Mirai-kan, KIN Sunrise Beach Seaside Park, Estacionamiento de KIN Sunrise Beach y m\u00e1s.<\/p>\n<h3>P: \u00bfCu\u00e1nto cuesta usar KinTownFreeWi-Fi?<\/h3>\n<p>R: Cualquiera puede conectarse a Internet de forma gratuita con KinTownFreeWi-Fi.<\/p>\n<h3>P: \u00bfQu\u00e9 necesito para usar KinTownFreeWi-Fi?<\/h3>\n<p>R: Necesitas un dispositivo con funci\u00f3n Wi-Fi y que est\u00e9 equipado con un navegador, por ejemplo, un smartphone, una tableta, un ordenador port\u00e1til y otros equipos similares.<\/p>\n<h3>P: \u00bfC\u00f3mo puedo usar KinTownFreeWi-Fi?<\/h3>\n<p>R: Cuando te conectes a Internet en un lugar equipado con KinTownFreeWi-Fi, haz clic en &#8220;Acepto&#8221; en la p\u00e1gina de t\u00e9rminos y condiciones. No es necesario hacer una solicitud previa o tener un contrato con un proveedor de Internet.<\/p>\n<h2>[Security]<\/h2>\n<h3>P: \u00bfHay sitios web que no puedo visitar?<\/h3>\n<p>R: KinTownFreeWi-Fi puede restringir el acceso a algunos sitios que no sean adecuados para menores. Esto es para proteger a los usuarios j\u00f3venes.<br \/>\nCuando el acceso a un sitio est\u00e9 restringido, aparecer\u00e1 el siguiente mensaje.<br \/>\n&#8220;Este sitio est\u00e1 bloqueado porque viola la pol\u00edtica de nuestro servicio. Haz clic en el bot\u00f3n &#8220;regresar&#8221; de tu navegador y visita un sitio diferente. Nos disculpamos por el inconveniente.&#8221;<\/p>\n<h3>P: \u00bfLa comunicaci\u00f3n a trav\u00e9s de KinTownFreeWi-Fi est\u00e1 encriptada?<\/h3>\n<p>R: Para que KinTownFreeWi-Fi sea f\u00e1cil de usar, la comunicaci\u00f3n inal\u00e1mbrica (la comunicaci\u00f3n entre tu dispositivo y el punto de acceso) no est\u00e1 encriptada. Eso significa que los usuarios con malas intenciones pueden interceptar el contenido de tus comunicaciones. <strong style=\"color:red;\">Por favor, utiliza el servicio de forma responsable. Por ejemplo, no transmitas informaci\u00f3n importante como n\u00fameros de tarjeta de cr\u00e9dito o contrase\u00f1as.<\/strong><\/p>\n<h3>P: \u00bfHay algo que deba saber sobre el uso de KinTownFreeWi-Fi?<\/h3>\n<p>R: Puedes utilizar el servicio de 8:00 a. m. a 12:00 p. m. Adem\u00e1s, si han transcurrido 24 horas desde que seleccionaste &#8220;Acepto&#8221; en la pantalla de t\u00e9rminos y condiciones, se te pedir\u00e1 que lo hagas de nuevo.<br \/>\nAdem\u00e1s, aunque b\u00e1sicamente eres libre de usar el servicio como desees, est\u00e1 prohibido participar en actividades que involucren el &#8220;acceso no autorizado y actos similares&#8221;. Esto incluye la difusi\u00f3n de mensajes difamatorios en los tableros de mensajes, el env\u00edo de correos electr\u00f3nicos fraudulentos o la obtenci\u00f3n de acceso no autorizado a otros dispositivos, entre otros.<\/p>\n<h2>[How-to and troubleshooting]<\/h2>\n<h3>P: Mi dispositivo se conecta autom\u00e1ticamente a KinTownFreeWi-Fi.<\/h3>\n<p>R: Si has utilizado KinTownFreeWi-Fi en alguna ocasi\u00f3n, es posible que la configuraci\u00f3n de tu smartphone u otro dispositivo con capacidad de conexi\u00f3n Wi-Fi le indique a este que se conecte autom\u00e1ticamente a KinTownFreeWi-Fi tan pronto como est\u00e9s al alcance de la red.<\/p>\n<p>C\u00f3mo evitar la conexi\u00f3n autom\u00e1tica a una red Wi-Fi [para iOS]<br \/>\n\u2022 Pulsa en &#8220;Ajustes&#8221; &#8211; &#8220;Wi-Fi&#8221; y el bot\u00f3n &#8220;i&#8221;.<\/p>\n<p class=\"aligncenter\"><img decoding=\"async\" src=\"\/themes\/images\/wifi_faq_fig_1.jpg\" alt=\"\"><\/p>\n<p>\u2022 Pulsa &#8220;Borrar los ajustes de esta red&#8221;, aparecer\u00e1 un cuadro de di\u00e1logo de confirmaci\u00f3n. Pulsa el bot\u00f3n &#8220;Borrar&#8221;.<\/p>\n<p class=\"aligncenter\"><img decoding=\"async\" src=\"\/themes\/images\/wifi_faq_fig_2.jpg\" alt=\"\"><\/p>\n<p>C\u00f3mo evitar la conexi\u00f3n autom\u00e1tica a una red Wi-Fi [para Android]<br \/>\n\u2022 Ve a &#8220;Ajustes&#8221; &#8211; &#8220;Wi-Fi&#8221; y pulsa el bot\u00f3n de la red que est\u00e1s usando.<\/p>\n<p class=\"aligncenter\"><img decoding=\"async\" src=\"\/themes\/images\/wifi_faq_fig_3.jpg\" alt=\"\"><\/p>\n<p>\u2022 Cuando se muestre la informaci\u00f3n de la red, pulsa el bot\u00f3n &#8220;Desconectar&#8221;.<\/p>\n<p class=\"aligncenter\"><img decoding=\"async\" src=\"\/themes\/images\/wifi_faq_fig_4.jpg\" alt=\"\"><\/p>\n<h3>P: Veo el s\u00edmbolo de Wi-Fi en mi dispositivo, pero no puedo acceder a Internet.<\/h3>\n<p>R: Cuando te conectes a Internet, se te pedir\u00e1 que aceptes los t\u00e9rminos de uso en la p\u00e1gina de t\u00e9rminos y condiciones. Tu dispositivo puede mostrar un &#8220;s\u00edmbolo de Wi-Fi&#8221; tan pronto como se encuentre dentro del alcance la red, pero en realidad no se conectar\u00e1 a Internet hasta que accedas a la p\u00e1gina de t\u00e9rminos y condiciones. Sigue <a href=\"https:\/\/www.visitkintown.jp\/es\/wifi#setting\" target=\"_blank\" rel=\"noopener noreferrer\">estas<\/a> instrucciones para completar el proceso de autenticaci\u00f3n en tu navegador.<\/p>\n<h2>[Other]<\/h2>\n<h3>P: \u00bfPuedo conectarme a una fuente de energ\u00eda en los lugares donde puedo usar KinTownFreeWi-Fi?<\/h3>\n<p>R: No hay fuentes de energ\u00eda disponibles.<\/p>\n<h2>[Terminology]<\/h2>\n<h3>P: \u00bfQu\u00e9 es Wi-Fi (&#8220;wai-fai&#8221;)?<\/h3>\n<p>A: Un est\u00e1ndar o tecnolog\u00eda para conectarse a Internet a trav\u00e9s de una red LAN inal\u00e1mbrica.<br \/>\nLas instalaciones que te permiten usar Wi-Fi como servicio libre en establecimientos p\u00fablicos y similares, son llamadas, entre otras formas, &#8220;Wi-Fi p\u00fablica&#8221; o &#8220;LAN inal\u00e1mbrica p\u00fablica&#8221;.<br \/>\nDichas redes est\u00e1n disponibles gratuitamente en establecimientos p\u00fablicos como instalaciones gubernamentales, as\u00ed como en estaciones de tren, aeropuertos o comercios, como son establecimientos que ofrecen comida y bebidas, incluyendo cafeter\u00edas y restaurantes de comida r\u00e1pida.<\/p>\n<h3>P: \u00bfQu\u00e9 es un SSID (&#8220;es-es-ai-dee&#8221;)?<\/h3>\n<p>R: Un identificador para un punto de acceso LAN inal\u00e1mbrico. Funciona como la &#8220;tarjeta de presentaci\u00f3n&#8221; del punto de acceso.<\/p>\n<h3>P: \u00bfQu\u00e9 es un punto de acceso?<\/h3>\n<p>R: El equipo inal\u00e1mbrico o estaci\u00f3n central que se utiliza para conectarse a una red LAN inal\u00e1mbrica. Cuando no hay obst\u00e1culos que interfieran, una red LAN inal\u00e1mbrica p\u00fablica puede tener un alcance de aproximadamente de 100 metros a la redonda del punto de acceso (aunque generalmente la red ser\u00e1 utilizable dentro de un rango de algunas docenas de metros a la redonda del punto de acceso).<\/p>\n<h3>P: \u00bfQu\u00e9 es un navegador?<\/h3>\n<p>R: Una aplicaci\u00f3n que te permite navegar por el contenido que hay en Internet. &#8220;Navegador&#8221; generalmente se refiere al tipo de &#8220;navegador web&#8221; que se utiliza para ver p\u00e1ginas web. Para los ordenadores personales, los navegadores m\u00e1s conocidos son aplicaciones como Internet Explorer, Firefox, Google Chrome y Safari. Para los tel\u00e9fonos inteligentes, los navegadores m\u00e1s utilizados son &#8220;Safari&#8221; (iPhone) y &#8220;Navegador&#8221; o &#8220;Chrome&#8221; (Android).<\/p>\n","protected":false},"excerpt":{"rendered":"<p>[Overview of the service] P: \u00bfQu\u00e9 tipo de servicio es KinTownFreeWi-Fi? R: Es un servicio de red inal\u00e1mbrica l [&hellip;]<\/p>\n","protected":false},"author":1,"featured_media":0,"parent":1050,"menu_order":0,"comment_status":"closed","ping_status":"closed","template":"","meta":{"_acf_changed":false,"footnotes":""},"class_list":["post-1052","page","type-page","status-publish","hentry"],"acf":[],"aioseo_notices":[],"_links":{"self":[{"href":"https:\/\/www.visitkintown.jp\/es\/wp-json\/wp\/v2\/pages\/1052","targetHints":{"allow":["GET"]}}],"collection":[{"href":"https:\/\/www.visitkintown.jp\/es\/wp-json\/wp\/v2\/pages"}],"about":[{"href":"https:\/\/www.visitkintown.jp\/es\/wp-json\/wp\/v2\/types\/page"}],"author":[{"embeddable":true,"href":"https:\/\/www.visitkintown.jp\/es\/wp-json\/wp\/v2\/users\/1"}],"replies":[{"embeddable":true,"href":"https:\/\/www.visitkintown.jp\/es\/wp-json\/wp\/v2\/comments?post=1052"}],"version-history":[{"count":0,"href":"https:\/\/www.visitkintown.jp\/es\/wp-json\/wp\/v2\/pages\/1052\/revisions"}],"up":[{"embeddable":true,"href":"https:\/\/www.visitkintown.jp\/es\/wp-json\/wp\/v2\/pages\/1050"}],"wp:attachment":[{"href":"https:\/\/www.visitkintown.jp\/es\/wp-json\/wp\/v2\/media?parent=1052"}],"curies":[{"name":"wp","href":"https:\/\/api.w.org\/{rel}","templated":true}]}}