{"id":35,"date":"2016-03-17T21:49:24","date_gmt":"2016-03-17T12:49:24","guid":{"rendered":"http:\/\/www.visitkintown.jp\/en\/?page_id=35"},"modified":"2016-10-19T16:43:19","modified_gmt":"2016-10-19T07:43:19","slug":"matome","status":"publish","type":"page","link":"https:\/\/www.visitkintown.jp\/es\/matome","title":{"rendered":"Vista general de Kin Town"},"content":{"rendered":"<div id=\"kintown\">\n<div class=\"content body\">\n<h2>Acceso y clima de Kin<\/h2>\n<p id=\"matome_map\"><img decoding=\"async\" class=\"alignright\" src=\"\/themes\/images\/matome_map.png\" alt=\"\" \/><\/p>\n<p>Kin se encuentra ubicado aproximadamente en el centro de la isla de Okinawa y limita con Ginoza al noreste, Uruma al suroeste, Onna al otro lado de la cordillera de Onnadake al noroeste y con el oc\u00e9ano Pac\u00edfico al sureste. Desde Naha se tarda alrededor de 45 minutos en auto a trav\u00e9s de la autopista Okinawa hasta la intersecci\u00f3n de Kin. Por carretera normal, se tarda alrededor de 1 hora y 30 minutos. Desde Nago, se tarda 20 minutos en auto por la autopista Okinawa y alrededor de 35 minutos a trav\u00e9s de carreteras normales. El clima es c\u00e1lido todo el a\u00f1o. Debido a que el denso crecimiento de \u00e1rboles en la cordillera Onnadake bloquea los vientos invernales, la temperatura promedio es de 22,6\u00b0C, la temperatura promedio m\u00e1s baja mensual es de 16,3\u00b0C en enero y la temperatura promedio mensual m\u00e1s alta es de 28,7\u00b0C en julio. Las precipitaciones promedio anuales son de 1,919mm, por lo que incluso en el clima subtropical de Okinawa el clima es particularmente estable.<\/p>\n<div class=\"info\">\n<p><strong>[En coche]<\/strong><br \/>\nDesde Naha<br \/>\nOkinawa por la autov\u00eda aproximadamente 45 minutos (cruce de Naha > cruce de Kin)<br \/>\nCarretera nacional, prefectura del camino aproximadamente 20 minutos (Naha > (ruta 58) > Onnna Nakadomari = > (ruta 73) > Ishikawa > (ruta 329) > Kin<\/p>\n<\/div>\n<\/div>\n<\/div>\n<div id=\"shizen\">\n<div class=\"content body\">\n<h2>La abundante naturaleza de Kin<\/h2>\n<div class=\"matome_gallery\"><img decoding=\"async\" src=\"\/themes\/images\/matome_img_01.jpg\" alt=\"\" \/><img decoding=\"async\" src=\"\/themes\/images\/matome_img_02.jpg\" alt=\"\" \/><\/div>\n<p>Ocupando una meseta de piedra caliza de Ryukyu en la frondosa base del monte Onna, Kin es un \u00e1rea que ha sido famosa desde hace mucho por su abundante suministro de agua subterr\u00e1nea. Con pozos horizontales como Ukkaga y Kintaga, el \u00e1rea sustent\u00f3 la vida como una preciosa fuente de agua utilizable antes del desarrollo de agua por tuber\u00edas. Ukkaga incluso fue seleccionado como uno de &#8220;Los nuevos 100 lugares tur\u00edsticos en Okinawa&#8221; y esta inagotable fuente de agua  es conocida con cari\u00f1o hoy en d\u00eda tal como se la conoc\u00eda en el pasado como &#8220;Fuente de la juventud&#8221;. Adem\u00e1s, Okukubigawa, con sus prominentes y frondosos bosques de manglares, fue seleccionada como uno de &#8220;Los 100 humedales m\u00e1s importantes de Jap\u00f3n&#8221;. Con una amplia variedad de p\u00e1jaros silvestres, tambi\u00e9n es un \u00e1rea famosa para la observaci\u00f3n de aves y adem\u00e1s de la vista panor\u00e1mica de los bosques de manglares desde el mirador de 280 metros de largo llamado &#8220;Paseo de Okukubigawa&#8221;, es posible ver vida silvestre de cerca como p\u00e1jaros silvestres y cangrejos.\n<\/p><\/div>\n<\/div>\n<div id=\"tokusan\">\n<div class=\"content body\">\n<h2>Especialidades locales de Kin<\/h2>\n<div class=\"matome_gallery\"><img decoding=\"async\" src=\"\/themes\/images\/matome_img_03.jpg\" alt=\"\" \/><img decoding=\"async\" src=\"\/themes\/images\/matome_img_04.jpg\" alt=\"\" \/><\/div>\n<p>Uno de los art\u00edculos conocidos en todo Jap\u00f3n como la especialidad local de Kin es el &#8220;arroz taco&#8221;. Mereciendo el t\u00edtulo de la comida para el alma de las personas en Okinawa, el Arroz Taco fue inventado por Parlor Senri en 1984. En un evento organizado gracias a una colaboraci\u00f3n entre la C\u00e1mara de Comercio e Industria y ocho tiendas de barrio en el 2010, se reconoci\u00f3 al &#8220;Arroz taco m\u00e1s grande del mundo&#8221; en el libro Guinness de records mundiales. En cuando a productos de agricultura, Kin es conocido como un centro de producci\u00f3n de taro, un ingrediente indispensable en los platos tradicionales de Okinawa. No s\u00f3lo es cultivado, sino que tambi\u00e9n es usado para hacer pasteles de taro y una gran cantidad de otros alimentos procesados. Adem\u00e1s, se cultivan y distribuyen ampliamente flores, \u00e1rboles frutales, verduras y ca\u00f1a de az\u00facar como especialidades locales. Tambi\u00e9n hay dos destiler\u00edas de awamori que aprovechan el abundante suministro de agua de Kin para ofrecer al mundo moderno el profundo sabor del awamori tradicional (la bebida destilada de Okinawa).\n<\/p><\/div>\n<\/div>\n<div id=\"rekishi\">\n<div class=\"content body\">\n<h2>La historia de Kin<\/h2>\n<div class=\"matome_gallery\"><img decoding=\"async\" src=\"\/themes\/images\/matome_img_05.jpg\" alt=\"\" \/><img decoding=\"async\" src=\"\/themes\/images\/matome_img_06.jpg\" alt=\"\" \/><\/div>\n<p>Las artesan\u00edas en barro y otros art\u00edculos excavados en el \u00e1rea de Okukubigawa sugieren que las personas comenzaron a vivir en Kin en la era Jomon. Desde ah\u00ed, en la era Gusuku que comenz\u00f3 alrededor del siglo XI y XII, las \u00e1reas internas fueron el escenario principal y alrededor de mediados del siglo XVII, la regi\u00f3n en donde se encuentra actualmente Kin y Ginoza se llamaba Kin Magiri.<br \/>\nEn la era Meiji, el sistema han fue abolido y &#8220;Kin Magiri&#8221; se convirti\u00f3 en el pueblo de Kin. En la era Meiji y Taisho, tambi\u00e9n fue la primera regi\u00f3n en intentar una migraci\u00f3n internacional, representada por Toyama Kyuzo, conocido como el padre de la inmigraci\u00f3n de Okinawa.<br \/>\nDespu\u00e9s de la segunda guerra mundial, se construy\u00f3 el Campamento Hansen en el pueblo como un centro estrat\u00e9gico para la Guerra de Corea que estall\u00f3 en 1950. A pesar de los efectos de la base, Kin continu\u00f3 desarroll\u00e1ndose y en 1980, cuando Okinawa fue devuelto a Jap\u00f3n, la ciudad de Kin naci\u00f3 como resultado del cambio al sistema de ciudades.\n<\/p><\/div>\n<\/div>\n","protected":false},"excerpt":{"rendered":"<p>Acceso y clima de Kin Kin se encuentra ubicado aproximadamente en el centro de la isla de Okinawa y limita con [&hellip;]<\/p>\n","protected":false},"author":1,"featured_media":0,"parent":0,"menu_order":0,"comment_status":"closed","ping_status":"closed","template":"","meta":{"_acf_changed":false,"footnotes":""},"class_list":["post-35","page","type-page","status-publish","hentry"],"acf":[],"aioseo_notices":[],"_links":{"self":[{"href":"https:\/\/www.visitkintown.jp\/es\/wp-json\/wp\/v2\/pages\/35","targetHints":{"allow":["GET"]}}],"collection":[{"href":"https:\/\/www.visitkintown.jp\/es\/wp-json\/wp\/v2\/pages"}],"about":[{"href":"https:\/\/www.visitkintown.jp\/es\/wp-json\/wp\/v2\/types\/page"}],"author":[{"embeddable":true,"href":"https:\/\/www.visitkintown.jp\/es\/wp-json\/wp\/v2\/users\/1"}],"replies":[{"embeddable":true,"href":"https:\/\/www.visitkintown.jp\/es\/wp-json\/wp\/v2\/comments?post=35"}],"version-history":[{"count":0,"href":"https:\/\/www.visitkintown.jp\/es\/wp-json\/wp\/v2\/pages\/35\/revisions"}],"wp:attachment":[{"href":"https:\/\/www.visitkintown.jp\/es\/wp-json\/wp\/v2\/media?parent=35"}],"curies":[{"name":"wp","href":"https:\/\/api.w.org\/{rel}","templated":true}]}}