{"id":39,"date":"2016-03-17T21:52:13","date_gmt":"2016-03-17T12:52:13","guid":{"rendered":"http:\/\/www.visitkintown.jp\/en\/?page_id=39"},"modified":"2016-10-20T08:23:47","modified_gmt":"2016-10-19T23:23:47","slug":"tos","status":"publish","type":"page","link":"https:\/\/www.visitkintown.jp\/es\/tos","title":{"rendered":"Sobre este sitio"},"content":{"rendered":"<p>Por favor verifique los siguientes t\u00e9rminos de servicio cuando utilice el Portal En L\u00ednea de Turismo de Kin town &#8220;Visite Kintown&#8221; (en adelante, &#8220;SITIO&#8221;). <\/p>\n<h3>Derechos de Propiedad Intelectual, etc.<\/h3>\n<p>Kin town retendr\u00e1 y controlar\u00e1 los derechos, incluyendo, sin limitarse a, derechos de propiedad intelectual relacionados con el SITIO (incluyendo el texto y material de im\u00e1genes que constituyen el sitio). El uso no autorizado, total o parcial, del SITIO sin el permiso pertinente del due\u00f1o (incluyendo, sin limitarse a, reproducci\u00f3n, desv\u00edo, modificaci\u00f3n, env\u00edo y venta) por cualquier usuario constituir\u00e1 un acto que viola los derechos leg\u00edtimos del due\u00f1o y est\u00e1 estrictamente prohibido por la ley. <\/p>\n<h3>Ambientes Recomendados<\/h3>\n<p>Recomendamos los exploradores a continuaci\u00f3n para una visualizaci\u00f3n \u00f3ptima. Tambi\u00e9n solicitamos a los usuarios que activen las configuraciones de Javascript y CSS en sus exploradores. Tenga en cuenta que usar el SITIO en un ambiente distinto a los ambientes recomendados &#8211; o incluso en un ambiente recomendado, dependiendo de la configuraci\u00f3n del explorador del usuario &#8211; puede llevar a que el SITIO est\u00e9 inaccesible o no se visualice apropiadamente.<br \/>\n[Windows]<br \/>\nMicrosoft Internet Explorer: Versi\u00f3n m\u00e1s reciente<br \/>\nMoziila Firefox: Versi\u00f3n m\u00e1s reciente<br \/>\nGoogle Chrome: Versi\u00f3n m\u00e1s reciente<br \/>\n[Macintosh]<br \/>\nSafari: Versi\u00f3n m\u00e1s reciente<br \/>\nMoziila Firefox: Versi\u00f3n m\u00e1s reciente<br \/>\nGoogle Chrome: Versi\u00f3n m\u00e1s reciente<\/p>\n<h3>Enlaces<\/h3>\n<p>Si\u00e9ntase en total libertad de crear un enlace al SITIO. No se requiere una notificaci\u00f3n particular. Los sitios web de terceros que tengan enlaces al SITIO son operados y controlados bajo su propia y respectiva responsabilidad. Kin town no tendr\u00e1 ninguna responsabilidad en absoluto por cualqueir problema que surja o sea causado secundariamente por el mismo. <\/p>\n<h3>Descargos de Responsabilidad<\/h3>\n<p>A\u00fan cuando se debe prestar el m\u00e1ximo de atenci\u00f3n cuando se publica informaci\u00f3n en el SITIO, Kin town no garantiza la utilidad, precisi\u00f3n o seguridad (incluyendo, sin limitarse a, ocurrencia de errores, conducta normal de todas las caracter\u00edsticas, credibilidad de la informaci\u00f3n, correcciones cuando ocurran problemas y la ausencia de virus de computador en el SITIO y\/o en el servidor web, junto con otros riesgos) en relaci\u00f3n al contenido de la informaci\u00f3n publicada. Los usuarios deben usar el SITIO bajo su propio riesgo. As\u00ed mismo, Kin-cho no tendr\u00e1 ninguna responsabilidad sobre cualquier da\u00f1o o p\u00e9rdida que surja de cuando los usuarios usan esta informaci\u00f3n. La informaci\u00f3n en el SITIO puede cambiarse, suspenderse o terminarse sin notificaci\u00f3n previa. <\/p>\n","protected":false},"excerpt":{"rendered":"<p>Por favor verifique los siguientes t\u00e9rminos de servicio cuando utilice el Portal En L\u00ednea de Turismo de Kin to [&hellip;]<\/p>\n","protected":false},"author":1,"featured_media":0,"parent":0,"menu_order":0,"comment_status":"closed","ping_status":"closed","template":"","meta":{"_acf_changed":false,"footnotes":""},"class_list":["post-39","page","type-page","status-publish","hentry"],"acf":[],"aioseo_notices":[],"_links":{"self":[{"href":"https:\/\/www.visitkintown.jp\/es\/wp-json\/wp\/v2\/pages\/39","targetHints":{"allow":["GET"]}}],"collection":[{"href":"https:\/\/www.visitkintown.jp\/es\/wp-json\/wp\/v2\/pages"}],"about":[{"href":"https:\/\/www.visitkintown.jp\/es\/wp-json\/wp\/v2\/types\/page"}],"author":[{"embeddable":true,"href":"https:\/\/www.visitkintown.jp\/es\/wp-json\/wp\/v2\/users\/1"}],"replies":[{"embeddable":true,"href":"https:\/\/www.visitkintown.jp\/es\/wp-json\/wp\/v2\/comments?post=39"}],"version-history":[{"count":0,"href":"https:\/\/www.visitkintown.jp\/es\/wp-json\/wp\/v2\/pages\/39\/revisions"}],"wp:attachment":[{"href":"https:\/\/www.visitkintown.jp\/es\/wp-json\/wp\/v2\/media?parent=39"}],"curies":[{"name":"wp","href":"https:\/\/api.w.org\/{rel}","templated":true}]}}