{"id":1053,"date":"2020-03-18T16:18:51","date_gmt":"2020-03-18T07:18:51","guid":{"rendered":"https:\/\/www.visitkintown.jp\/pt\/?page_id=1053"},"modified":"2023-06-28T15:17:07","modified_gmt":"2023-06-28T06:17:07","slug":"wifi","status":"publish","type":"page","link":"https:\/\/www.visitkintown.jp\/pt\/wifi","title":{"rendered":"Sobre o KinTownFreeWi-Fi (Kin Wi-Fi)"},"content":{"rendered":"<h2>Onde o KinTownFreeWi-Fi est\u00e1 instalado?<\/h2>\n<p class=\"aligncenter\"><img decoding=\"async\" src=\"https:\/\/www.visitkintown.jp\/pt\/admin\/wp-content\/uploads\/2023\/06\/wifi_map_pt_202306.png\" alt=\"\" \/><\/p>\n<div class=\"row\">\n<div class=\"col col2\">\n<p><img decoding=\"async\" src=\"\/themes\/images\/wifi_active_park.jpg\" alt=\"\" \/><br \/>\n<strong>Active Park<\/strong><\/p>\n<\/div>\n<div class=\"col col2\">\n<p><img decoding=\"async\" src=\"\/themes\/images\/wifi_baseball.jpg\" alt=\"\" \/><br \/>\n<strong>Est\u00e1dio de Baseball da cidade de Kin<\/strong><br \/>\nVoc\u00ea pode usar o KinTownFreeWi-Fi ao lado da arquibancada, no estacionamento.<\/p>\n<\/div>\n<\/div>\n<div class=\"row\">\n<div class=\"col col2\">\n<p><img decoding=\"async\" src=\"\/themes\/images\/wifi_football.jpg\" alt=\"\" \/><br \/>\n<strong>Centro de Futebol da Cidade de Kin<\/strong><br \/>\nPr\u00e9dio administrativo e ao redor dos banheiros.<\/p>\n<\/div>\n<div class=\"col col2\">\n<p><img decoding=\"async\" src=\"\/themes\/images\/wifi_naturemiraikan.jpg\" alt=\"\" \/><br \/>\n<strong>Instala\u00e7\u00e3o de Estudos Naturais Emp\u00edricos<\/strong><br \/>\nIsso pode ser usado no pr\u00e9dio de um pilotis multiuso e tamb\u00e9m como parte da \u00e1rea de acampamento.<\/p>\n<\/div>\n<\/div>\n<div class=\"row\">\n<div class=\"col col2\">\n<p><img decoding=\"async\" src=\"https:\/\/www.visitkintown.jp\/pt\/admin\/wp-content\/uploads\/2023\/03\/wifi_active_beach.jpg\" alt=\"\" \/><br \/>\n<strong>KIN Sunrise Beach Seaside Park<\/strong><br \/>\nEste servi\u00e7o est\u00e1 dispon\u00edvel no Edif\u00edcio da Administra\u00e7\u00e3o, no Edif\u00edcio do banheiro e chuveiro, no Edif\u00edcio Piloti, no Edif\u00edcio North Toilet e chuveiro e na praia em frente ao Edif\u00edcio da Administra\u00e7\u00e3o &#8211; Edif\u00edcio Piloti.<br \/>\nAl\u00e9m da praia de nata\u00e7\u00e3o, o KIN Sunrise Beach Seaside Park oferece churrascos e atividades de lazer n\u00e1utico.<\/p>\n<\/div>\n<div class=\"col col2\">\n<p><img decoding=\"async\" src=\"https:\/\/www.visitkintown.jp\/pt\/admin\/wp-content\/uploads\/2023\/06\/wifi_beachparking.jpg\" alt=\"\" \/><br \/>\n<strong>Estacionamento da KIN Sunrise Beach<\/strong><br \/>\nVoc\u00ea pode usar o estacionamento ao lado do Kin Sunrise Beach Seaside Park (espa\u00e7o para aproximadamente 260 carros, com mirante, banheiros e bancos para descansar). Da plataforma de observa\u00e7\u00e3o, voc\u00ea pode contemplar a bela vista da costa leste, e o objeto de arte I\u2661KIN tamb\u00e9m \u00e9 um bom local para tirar fotos!\n<\/div>\n<\/div>\n<h2 id=\"setting\">Conectando ao KinTownFreeWi-Fi<\/h2>\n<h3>PASSO 1: Configure o SSID<\/h3>\n<p>Na tela de configura\u00e7\u00e3o do Wi-Fi, selecione o SSID (nome da rede) \u201cKinTownFreeWiFi\u201d<br \/>\n*Seu Wi-Fi deve estar ligado<\/p>\n<p>Android: Configura\u00e7\u00f5es &gt; Conex\u00f5es &gt; Wi-Fi<\/p>\n<p class=\"aligncenter\"><img decoding=\"async\" src=\"\/themes\/images\/wifi_android.png\" alt=\"\" \/><\/p>\n<p>iPhone and iPad: Settings &gt; Wi-Fi &gt; Select network<\/p>\n<p class=\"aligncenter\"><img decoding=\"async\" src=\"\/themes\/images\/wifi_iphone.png\" alt=\"\" \/><\/p>\n<h3>PASSO 2: Abra seu navegador. Os termos e condi\u00e7\u00f5es de uso ser\u00e3o exibidos.<\/h3>\n<p>Leia os termos. Se voc\u00ea concordar com as condi\u00e7\u00f5es escritas, clique em &#8220;Eu Aceito&#8221; no fim da p\u00e1gina.<br \/>\n*Se voc\u00ea n\u00e3o concordar com essas condi\u00e7\u00f5es, ent\u00e3o voc\u00ea n\u00e3o poder\u00e1 usar o KinTownFreeWi-Fi. Agradecemos a compreens\u00e3o.<\/p>\n<p class=\"aligncenter\"><img decoding=\"async\" src=\"\/themes\/images\/wifi_gonet.png\" alt=\"\" \/><\/p>\n<p>*Se os termos de uso n\u00e3o forem exibidos, feche e abra seu navegador novamente.<\/p>\n<h3>PASSO 3: KinTownFreeWi-Fi est\u00e1 dispon\u00edvel entre as 8 da manh\u00e3 e o meio-dia<\/h3>\n<p>Depois de marcar &#8220;Eu aceito&#8221;, voc\u00ea poder\u00e1 acessar a internet usando o KinTownFreeWi-Fi.<br \/>\n*Alguns sites n\u00e3o estar\u00e3o dispon\u00edveis. Agradecemos a compreens\u00e3o.<\/p>\n<p>Voc\u00ea poder\u00e1 usar o KinTownFreeWi-Fi entre as 8 da manh\u00e3 e o meio-dia.<\/p>\n<p>Voc\u00ea precisa aceitar os termos novamente a cada 24 horas.<br \/>\n*Os termos de uso ser\u00e3o exibidos novamente<\/p>\n<p class=\"aligncenter\"><img decoding=\"async\" src=\"\/themes\/images\/wifi_scr_kintown.png\" alt=\"\" \/><\/p>\n","protected":false},"excerpt":{"rendered":"<p>Onde o KinTownFreeWi-Fi est\u00e1 instalado? Active Park Est\u00e1dio de Baseball da cidade de Kin Voc\u00ea pode usar o KinT [&hellip;]<\/p>\n","protected":false},"author":1,"featured_media":0,"parent":0,"menu_order":0,"comment_status":"closed","ping_status":"closed","template":"","meta":{"_acf_changed":false,"footnotes":""},"class_list":["post-1053","page","type-page","status-publish","hentry"],"acf":[],"aioseo_notices":[],"_links":{"self":[{"href":"https:\/\/www.visitkintown.jp\/pt\/wp-json\/wp\/v2\/pages\/1053","targetHints":{"allow":["GET"]}}],"collection":[{"href":"https:\/\/www.visitkintown.jp\/pt\/wp-json\/wp\/v2\/pages"}],"about":[{"href":"https:\/\/www.visitkintown.jp\/pt\/wp-json\/wp\/v2\/types\/page"}],"author":[{"embeddable":true,"href":"https:\/\/www.visitkintown.jp\/pt\/wp-json\/wp\/v2\/users\/1"}],"replies":[{"embeddable":true,"href":"https:\/\/www.visitkintown.jp\/pt\/wp-json\/wp\/v2\/comments?post=1053"}],"version-history":[{"count":0,"href":"https:\/\/www.visitkintown.jp\/pt\/wp-json\/wp\/v2\/pages\/1053\/revisions"}],"wp:attachment":[{"href":"https:\/\/www.visitkintown.jp\/pt\/wp-json\/wp\/v2\/media?parent=1053"}],"curies":[{"name":"wp","href":"https:\/\/api.w.org\/{rel}","templated":true}]}}