{"id":1054,"date":"2020-03-18T16:18:51","date_gmt":"2020-03-18T07:18:51","guid":{"rendered":"https:\/\/www.visitkintown.jp\/pt\/?page_id=1054"},"modified":"2023-06-28T15:18:43","modified_gmt":"2023-06-28T06:18:43","slug":"faq","status":"publish","type":"page","link":"https:\/\/www.visitkintown.jp\/pt\/wifi\/faq","title":{"rendered":"FAQ Kin Town Free Wi-Fi"},"content":{"rendered":"<h2>[Vis\u00e3o geral do servi\u00e7o]<\/h2>\n<h3>P: Que tipo de servi\u00e7o \u00e9 o KinTownFreeWi-Fi?<\/h3>\n<p>R: \u00c9 um servi\u00e7o de rede sem-fio p\u00fablico oferecido pela cidade de Kin. Qualquer um com um dispositivo com conex\u00e3o via Wi-Fi pode usar o KinTownFreeWi-Fi de gra\u00e7a.<\/p>\n<h3>P: Onde eu posso utilizar esse servi\u00e7o?<\/h3>\n<p>R: O servi\u00e7o est\u00e1 dispon\u00edvel v\u00e1rios locais como o parque de Kin, o est\u00e1dio de beisebol de Kin, o centro esportivo, Instala\u00e7\u00e3o de Estudos Naturais Emp\u00edricos, KIN Sunrise Beach Seaside Park, Estacionamento da KIN Sunrise Beach e outros.<\/p>\n<h3>R: Quanto devo pagar pelo KinTownFreeWi-Fi?<\/h3>\n<p>R: Qualquer um pode se conectar gratuitamente atrav\u00e9s do KinTownFreeWi-Fi.<\/p>\n<h3>P: O que \u00e9 preciso para usar o KinTownFreeWi-Fi?<\/h3>\n<p>R: Voc\u00ea precisa de um dispositivo que se conecte \u00e0 internet por meio de uma conex\u00e3o de rede sem fio (Wi-Fi) e que tenha um navegador, o que pode ser um smartphone, tablet, laptop e afins.<\/p>\n<h3>P: Como eu fa\u00e7o para usar o KinTownFreeWi-Fi?<\/h3>\n<p>R: Quando se conectar \u00e0 internet atrav\u00e9s da rede KinTownFreeWi-Fi, clique em &#8220;Eu aceito&#8221; na p\u00e1gina do termo de compromisso. Voc\u00ea n\u00e3o precisa fazer nenhum tipo de cadastro ou assinar um provedor de internet.<\/p>\n<h2>[Seguran\u00e7a]<\/h2>\n<h3>P: Posso acessar qualquer p\u00e1gina da internet?<\/h3>\n<p>R: O KinTownFreeWi-Fi pode limitar o acesso a alguns sites que n\u00e3o s\u00e3o adequados para menores de idade, para a prote\u00e7\u00e3o dos mesmos. Ao acessar um desses sites bloqueados, a seguinte mensagem ir\u00e1 aparecer:<br \/>\n&#8220;Esta p\u00e1gina est\u00e1 bloqueada por violar nossa pol\u00edtica de servi\u00e7o. Por favor, clique em &#8220;voltar&#8221; e visite uma p\u00e1gina diferente. Desculpe-nos pelo inconveniente.&#8221;<\/p>\n<h3>P: A comunica\u00e7\u00e3o atrav\u00e9s do KinTownFreeWi-Fi \u00e9 encriptada?<\/h3>\n<p>R: Para tornar o uso do KinTownFreeWi-Fi mais simples, a conex\u00e3o sem-fio (entre seu dispositivo e o ponto de acesso) n\u00e3o possui encripta\u00e7\u00e3o. Isso significa que usu\u00e1rios mal-intencionados podem interceptar seus dados em tr\u00e2nsito. <strong style=\"color:red;\">Use o servi\u00e7o com cautela. N\u00e3o transmita informa\u00e7\u00f5es sens\u00edveis, como n\u00fameros de cart\u00e3o de cr\u00e9dito, senhas ou n\u00fameros de documentos, por exemplo.<\/strong><\/p>\n<h3>P: Existe algo que eu precise saber antes de usar o KinTownFreeWi-Fi?<\/h3>\n<p>R: Voc\u00ea pode usar o servi\u00e7o entre as 8 da manh\u00e3 e o meio-dia. Al\u00e9m disso, ap\u00f3s 24 desde sua \u00faltima aceita\u00e7\u00e3o dos termos de compromisso, o sistema pode pedir que voc\u00ea aceite os termos de uso novamente. E ainda, apesar de voc\u00ea poder usar o servi\u00e7o de acordo com sua conveni\u00eancia, \u00e9 proibido usar o servi\u00e7o para realizar &#8220;acessos n\u00e3o autorizados e afins&#8221;. Entre outras a\u00e7\u00f5es, est\u00e1 proibido disseminar mensagens caluniosas ou difamat\u00f3rias, enviar e-mails fraudulentos ou tentar acessar computadores de terceiros sem autoriza\u00e7\u00e3o.<\/p>\n<h2>[Solu\u00e7\u00e3o de problemas]<\/h2>\n<h3>P: Meu dispositivo se conecta ao KinTownFreeWi-Fi automaticamente.<\/h3>\n<p>R: Se voc\u00ea em algum momento j\u00e1 usou o KinTownFreeWi-Fi, \u00e9 poss\u00edvel que as configura\u00e7\u00f5es do seu smartphone, ou outro dispositivo com rede sem-fio, esteja configurado para acessar automaticamente a rede KinTownFreeWi-Fi assim que estiver ao alcance.<\/p>\n<p>Como evitar a conex\u00e3o autom\u00e1tica de Wi-Fi [Para iOS]<br \/>\n\u2022 Toque em &#8220;Configura\u00e7\u00f5es&#8221; &#8211; &#8220;Wi-Fi&#8221; e no bot\u00e3o &#8220;i&#8221;.<\/p>\n<p class=\"aligncenter\"><img decoding=\"async\" src=\"\/themes\/images\/wifi_faq_fig_1.jpg\" alt=\"\"><\/p>\n<p>\u2022 Toque em &#8220;Deletar esta configura\u00e7\u00e3o de rede&#8221;, uma janela de confirma\u00e7\u00e3o ser\u00e1 exibida. Toque no bot\u00e3o &#8220;Deletar&#8221;.<\/p>\n<p class=\"aligncenter\"><img decoding=\"async\" src=\"\/themes\/images\/wifi_faq_fig_2.jpg\" alt=\"\"><\/p>\n<p>Como evitar a conex\u00e3o autom\u00e1tica de Wi-Fi [Para Android]<br \/>\n\u2022 V\u00e1 para &#8220;Configura\u00e7\u00f5es&#8221; &#8211; &#8220;Wi-Fi&#8221; e toque na rede que voc\u00ea estiver usando.<\/p>\n<p class=\"aligncenter\"><img decoding=\"async\" src=\"\/themes\/images\/wifi_faq_fig_3.jpg\" alt=\"\"><\/p>\n<p>\u2022Quando as informa\u00e7\u00f5es da rede forem exibidas, toque no bot\u00e3o &#8220;Desconectar&#8221;.<\/p>\n<p class=\"aligncenter\"><img decoding=\"async\" src=\"\/themes\/images\/wifi_faq_fig_4.jpg\" alt=\"\"><\/p>\n<h3>P: Eu vejo o s\u00edmbolo indicando que a rede sem fio est\u00e1 conectada, mas n\u00e3o consigo acessar a internet.<\/h3>\n<p>R: Ao se conectar \u00e0 internet, voc\u00ea ter\u00e1 que aceitar os termos de uso do servi\u00e7o. Mesmo que seu dispositivo se conecte automaticamente ao chegar no alcance da rede KinTownFreeWi-Fi, voc\u00ea ainda deve abrir seu navegador para <a href=\"https:\/\/www.visitkintown.jp\/pt\/wifi#setting\" target=\"_blank\" rel=\"noopener noreferrer\">aceitar os termos<\/a> de uso do servi\u00e7o para que seu acesso \u00e0 internet seja liberado.<\/p>\n<h2>[Outros]<\/h2>\n<h3>R: Eu posso conectar meu dispositivo a uma tomada nos locais onde o KinTownFreeWi-Fi est\u00e1 dispon\u00edvel?<\/h3>\n<p>R: N\u00e3o h\u00e1 tomadas dispon\u00edveis nesses locais.<\/p>\n<h2>[Terminologia]<\/h2>\n<h3>P: O que \u00e9 Wi-Fi (&#8220;wai-fai&#8221;)?<\/h3>\n<p>A: Um padr\u00e3o ou tecnologia multiplataforma que permite que seu dispositivo se conecte \u00e0 internet por meio de uma rede sem fio.<br \/>\nConfigura\u00e7\u00f5es que te permitem usar uma rede Wi-Fi como um servi\u00e7o p\u00fablico em locais p\u00fablicos s\u00e3o chamadas, entre outros nomes, &#8220;Wi-Fi p\u00fablico&#8221; ou &#8220;rede sem fio p\u00fablica&#8221;.<br \/>\nEssas redes s\u00e3o oferecidas por um provedor, mediante o pagamento de uma taxa, ou gratuitamente em edif\u00edcios p\u00fablicos municipais, e tamb\u00e9m em esta\u00e7\u00f5es de trem, aeroportos e edif\u00edcios comerciais, como em restaurantes e bares, cafeterias e fast-food.<\/p>\n<h3>P: O que \u00e9 um SSID?<\/h3>\n<p>A: A identifica\u00e7\u00e3o de um ponto de acesso de rede sem fio. \u00c9 o &#8220;nome&#8221; da rede fornecida pelo ponto de acesso.<\/p>\n<h3>P: O que \u00e9 um ponto de acesso?<\/h3>\n<p>R: O equipamento sem fio, ou esta\u00e7\u00e3o base, usado para se conectar a uma rede sem fio. Constuma ser abreviado por &#8220;AP&#8221;. Quando n\u00e3o h\u00e1 obst\u00e1culos, uma rede sem fio p\u00fablica pode ter um alcance de at\u00e9 100m ao redor do ponto de acesso (apesar de, na pr\u00e1tica, a rede s\u00f3 ser utiliz\u00e1vel dentro de um raio de algumas dezenas de metros).<\/p>\n<h3>P: O que \u00e9 um navegador?<\/h3>\n<p>R: Um aplicativo que permite que voc\u00ea acesse informa\u00e7\u00f5es da internet. &#8220;Navegador&#8221; se refere ao tipo de aplica\u00e7\u00e3o que voc\u00ea usa para acessar p\u00e1ginas web. Nos computadores pessoais, os navegadores mais conhecidos s\u00e3o o Internet Explorer, Firefox, Google Chrome e Safari. Em smartphones, os mais comuns s\u00e3o o &#8220;Safari&#8221; (iPhone) e o &#8220;Browser&#8221;, ou o &#8220;Chrome&#8221; (Android).<\/p>\n","protected":false},"excerpt":{"rendered":"<p>[Vis\u00e3o geral do servi\u00e7o] P: Que tipo de servi\u00e7o \u00e9 o KinTownFreeWi-Fi? R: \u00c9 um servi\u00e7o de rede sem-fio p\u00fablico  [&hellip;]<\/p>\n","protected":false},"author":1,"featured_media":0,"parent":1053,"menu_order":0,"comment_status":"closed","ping_status":"closed","template":"","meta":{"_acf_changed":false,"footnotes":""},"class_list":["post-1054","page","type-page","status-publish","hentry"],"acf":[],"aioseo_notices":[],"_links":{"self":[{"href":"https:\/\/www.visitkintown.jp\/pt\/wp-json\/wp\/v2\/pages\/1054","targetHints":{"allow":["GET"]}}],"collection":[{"href":"https:\/\/www.visitkintown.jp\/pt\/wp-json\/wp\/v2\/pages"}],"about":[{"href":"https:\/\/www.visitkintown.jp\/pt\/wp-json\/wp\/v2\/types\/page"}],"author":[{"embeddable":true,"href":"https:\/\/www.visitkintown.jp\/pt\/wp-json\/wp\/v2\/users\/1"}],"replies":[{"embeddable":true,"href":"https:\/\/www.visitkintown.jp\/pt\/wp-json\/wp\/v2\/comments?post=1054"}],"version-history":[{"count":0,"href":"https:\/\/www.visitkintown.jp\/pt\/wp-json\/wp\/v2\/pages\/1054\/revisions"}],"up":[{"embeddable":true,"href":"https:\/\/www.visitkintown.jp\/pt\/wp-json\/wp\/v2\/pages\/1053"}],"wp:attachment":[{"href":"https:\/\/www.visitkintown.jp\/pt\/wp-json\/wp\/v2\/media?parent=1054"}],"curies":[{"name":"wp","href":"https:\/\/api.w.org\/{rel}","templated":true}]}}