{"id":35,"date":"2016-03-17T21:49:24","date_gmt":"2016-03-17T12:49:24","guid":{"rendered":"http:\/\/www.visitkintown.jp\/en\/?page_id=35"},"modified":"2016-10-06T16:22:46","modified_gmt":"2016-10-06T07:22:46","slug":"matome","status":"publish","type":"page","link":"https:\/\/www.visitkintown.jp\/pt\/matome","title":{"rendered":"Vis\u00e3o geral de Kin Town"},"content":{"rendered":"<div id=\"kintown\">\n<div class=\"content body\">\n<h2>Acesso \u00e0 cidade de Kin e seu clima<\/h2>\n<p id=\"matome_map\"><img decoding=\"async\" class=\"alignright\" src=\"\/themes\/images\/matome_map.png\" alt=\"\" \/><\/p>\n<p>A cidade de Kin fica localizada mais ou menos no centro de da ilha de Okinawa e faz fronteira com Ginoza a nordeste, Uruma ao sul, Onna atrav\u00e9s da Cordilheira de Onnadake a noroeste e com o Oceano Pac\u00edfico a sudeste. De Naha, leva cerca de 45 minutos de carro pela via expressa de Okinawa at\u00e9 a sa\u00edda de Kin. Por estradas normais, leva cerca de 1 hora e 30 minutos. De Nago, leva cerca de 20 minutos de carro pela via expressa de Okinawa e cerca de 35 minutos em estradas normais.<br \/>\nO clima \u00e9 quente o ano inteiro. Devido ao crescimento de florestas densas na Cordilheira de Onnakade bloquear as frentes frias, a temperatura m\u00e9dia \u00e9 de 22,6\u00b0C, a m\u00e9dia mensal mais baixa \u00e9 de 16,3\u00b0 em janeiro e a m\u00e9dia mensal mais alta \u00e9 de 28,7\u00b0 em julho. A precipita\u00e7\u00e3o anual m\u00e9dia \u00e9 de 1.919mm, ent\u00e3o mesmo no clima subtropical de Okinawa \u00e9 particularmente est\u00e1vel.<\/p>\n<div class=\"info\">\n<p><strong>[De carro]<\/strong><br \/>\nDe Naha<br \/>\nAuto-estrada Okinawa aproximadamente 45 minutos (NahaIC > KinIC)<br \/>\nAuto-estrada Nacional, Estrada da prefeitura aproximadamente 20 minutos (Naha > (rota 58) > Onnna Nakadomari = > (rota 73) > Ishikawa > (rota 329) > Kin<\/p>\n<\/div>\n<\/div>\n<\/div>\n<div id=\"shizen\">\n<div class=\"content body\">\n<h2>A natureza abundante da cidade de Kin<\/h2>\n<div class=\"matome_gallery\"><img decoding=\"async\" src=\"\/themes\/images\/matome_img_01.jpg\" alt=\"\" \/><img decoding=\"async\" src=\"\/themes\/images\/matome_img_02.jpg\" alt=\"\" \/><\/div>\n<p>Ocupando um planalto de calc\u00e1rio de Ryukyu, na exuberante encosta do Monte Onna, Kin \u00e9 uma \u00e1rea que vem sendo famosa h\u00e1 muito tempo pelo seu abundante fornecimento de \u00e1gua subterr\u00e2nea. Com po\u00e7os horizontais, como Ukkaga e Kintaga, a \u00e1rea sustentava a vida como uma fonte preciosa de \u00e1gua utiliz\u00e1vel antes do desenvolvimento da \u00e1gua encanada urbana. Ukkaga foi at\u00e9 selecionada para integrar o &#8220;Top 100 New Okinawa Sightseeing Spots&#8221;, e esta fonte intermin\u00e1vel de \u00e1gua de nascente \u00e9 carinhosamente conhecida hoje, assim como foi no passado, como uma &#8220;Fonte da Longevidade&#8221;.<br \/>\nAl\u00e9m disso, Okukubigawa, com suas proeminentes e pr\u00f3speras florestas de mangues, foi selecionada para integrar o &#8220;Japan&#8217;s Top 100 Important Wetlands&#8221;. Com uma grande variedade de p\u00e1ssaros silvestres habitando a \u00e1rea, ela tamb\u00e9m \u00e9 famosa para a observa\u00e7\u00e3o de p\u00e1ssaros, e al\u00e9m da vista arrebatadora da floresta de mangues vis\u00edvel da plataforma de observa\u00e7\u00e3o da &#8220;Alameda Okukubigawa&#8221;, de 280 metros de comprimento, pode-se ver de perto a vida selvagem, como p\u00e1ssaros silvestres e caranguejos.\n<\/p><\/div>\n<\/div>\n<div id=\"tokusan\">\n<div class=\"content body\">\n<h2>Especialidades locais da cidade de Kin<\/h2>\n<div class=\"matome_gallery\"><img decoding=\"async\" src=\"\/themes\/images\/matome_img_03.jpg\" alt=\"\" \/><img decoding=\"async\" src=\"\/themes\/images\/matome_img_04.jpg\" alt=\"\" \/><\/div>\n<p>Um item muito bem conhecido por todo o Jap\u00e3o como uma especialidade local da cidade de Kin \u00e9 o &#8220;Arroz de Taco&#8221;. Tamb\u00e9m merecendo o t\u00edtulo de alimento das almas do povo de Okinawa, Parlor Senri inventou o &#8220;Arroz de Taco&#8221; em 1984. Em um evento organizado de forma colaborada pela C\u00e2mara do Com\u00e9rcio e Ind\u00fastria e oito estabelecimentos da regi\u00e3o em 2010, o &#8220;Maior Arroz de Taco do Mundo&#8221; foi oficialmente reconhecido pelo Livro dos Recordes Mundiais Guinness.<br \/>\nQuanto aos produtos agr\u00edcolas, Kin \u00e9 conhecida como um centro de produ\u00e7\u00e3o de taro, um ingrediente indispens\u00e1vel de pratos tradicionais de Okinawa. Ele n\u00e3o \u00e9 apenas cultivado l\u00e1, como tamb\u00e9m \u00e9 usado para fazer tortas de taro e uma grande quantidade de alimentos processados. Al\u00e9m disso, flores, \u00e1rvores frut\u00edferas, verduras e cana de a\u00e7\u00facar s\u00e3o cultivadas e largamente distribu\u00eddas como produtos de especialidades locais.<br \/>\nTamb\u00e9m h\u00e1 duas cervejarias awamori que usam o fornecimento de \u00e1gua abundante de Kin e trazem o sabor intenso do awamori tradicional (bebida destilada de Okinawa) para os dias modernos.<\/p>\n<\/div>\n<\/div>\n<div id=\"rekishi\">\n<div class=\"content body\">\n<h2>A hist\u00f3ria da cidade de Kin<\/h2>\n<div class=\"matome_gallery\"><img decoding=\"async\" src=\"\/themes\/images\/matome_img_05.jpg\" alt=\"\" \/><img decoding=\"async\" src=\"\/themes\/images\/matome_img_06.jpg\" alt=\"\" \/><\/div>\n<p>Cer\u00e2mica e outros itens escavados na \u00e1rea de Okukubigawa sugerem que as pessoas come\u00e7aram a viver em Kin na era Jomon. A partir da\u00ed, no per\u00edodo Gusuku, que come\u00e7ou entre os s\u00e9culos XI e XII, as \u00e1reas do interior avan\u00e7aram para o centro, e por volta do s\u00e9culo XVII, a regi\u00e3o que abarca as cidades de Kin e Ginoza dos dias modernos era chamada de Kin Magiri.<br \/>\nNa era Meiji, o sistema han foi abolido e &#8220;Kin Magiri&#8221; se tornou conhecida como &#8220;Vilarejo Kin&#8221;. Nas eras Meiji e Taisho, tamb\u00e9m foi a primeira regi\u00e3o a tentar a imigra\u00e7\u00e3o internacional, representada por Toyama Kyuzo, conhecido como o pai da imigra\u00e7\u00e3o de Okinawa.<br \/>\nAp\u00f3s a Segunda Guerra Mundial, Camp Hansen foi constru\u00eddo no vilarejo como um centro estrat\u00e9gico na Guerra da Coreia, que come\u00e7ou em 1950. Apesar dos efeitos da base, o Vilarejo Kin continuou a se desenvolver, e em 1980, ap\u00f3s Okinawa ter voltado para o Jap\u00e3o, a &#8220;cidade de Kin&#8221; nasceu como um resultado da mudan\u00e7a para o sistema urbano.<\/p>\n<\/div>\n<\/div>\n","protected":false},"excerpt":{"rendered":"<p>Acesso \u00e0 cidade de Kin e seu clima A cidade de Kin fica localizada mais ou menos no centro de da ilha de Okina [&hellip;]<\/p>\n","protected":false},"author":1,"featured_media":0,"parent":0,"menu_order":0,"comment_status":"closed","ping_status":"closed","template":"","meta":{"_acf_changed":false,"footnotes":""},"class_list":["post-35","page","type-page","status-publish","hentry"],"acf":[],"aioseo_notices":[],"_links":{"self":[{"href":"https:\/\/www.visitkintown.jp\/pt\/wp-json\/wp\/v2\/pages\/35","targetHints":{"allow":["GET"]}}],"collection":[{"href":"https:\/\/www.visitkintown.jp\/pt\/wp-json\/wp\/v2\/pages"}],"about":[{"href":"https:\/\/www.visitkintown.jp\/pt\/wp-json\/wp\/v2\/types\/page"}],"author":[{"embeddable":true,"href":"https:\/\/www.visitkintown.jp\/pt\/wp-json\/wp\/v2\/users\/1"}],"replies":[{"embeddable":true,"href":"https:\/\/www.visitkintown.jp\/pt\/wp-json\/wp\/v2\/comments?post=35"}],"version-history":[{"count":0,"href":"https:\/\/www.visitkintown.jp\/pt\/wp-json\/wp\/v2\/pages\/35\/revisions"}],"wp:attachment":[{"href":"https:\/\/www.visitkintown.jp\/pt\/wp-json\/wp\/v2\/media?parent=35"}],"curies":[{"name":"wp","href":"https:\/\/api.w.org\/{rel}","templated":true}]}}