{"id":36,"date":"2016-03-17T21:49:45","date_gmt":"2016-03-17T12:49:45","guid":{"rendered":"http:\/\/www.visitkintown.jp\/en\/?page_id=36"},"modified":"2020-03-26T17:23:04","modified_gmt":"2020-03-26T08:23:04","slug":"annual_events","status":"publish","type":"page","link":"https:\/\/www.visitkintown.jp\/pt\/annual_events","title":{"rendered":"Kin town Eventos Anuais"},"content":{"rendered":"<p><!--\n\n<table>\n\n\n<thead>\n\n\n<tr>\n\n\n<th>M\u00eas<\/th>\n\n\n\n\n<th>Dia<\/th>\n\n\n\n\n<th>Dia da semana<\/th>\n\n\n\n\n<th>Nome do evento<\/th>\n\n\n\n\n<th>Local<\/th>\n\n\n\n\n<th><\/th>\n\n\n<\/tr>\n\n\n<\/thead>\n\n\n\n\n<tbody>\n\n\n<tr>\n\n\n<td width=\"35\">4<\/td>\n\n\n\n\n<td width=\"31\">24<\/td>\n\n\n\n\n<td width=\"28\">dom<\/td>\n\n\n\n\n<td width=\"461\">Limpeza do Campo no Distrito de Igei<\/td>\n\n\n\n\n<td width=\"220\">Centro Comunit\u00e1rio de Igei<\/td>\n\n\n\n\n<td width=\"411\">778-1 Igei, Kin-cho, Kunigami-gun, Okinawa 904-1202<\/td>\n\n\n<\/tr>\n\n\n\n\n<tr>\n\n\n<td>5<\/td>\n\n\n\n\n<td>5<\/td>\n\n\n\n\n<td>qui<\/td>\n\n\n\n\n<td>8\u00b0Festival de Arte no Campo de Arroz de Kim<\/td>\n\n\n\n\n<td>Miraikan<\/td>\n\n\n\n\n<td>Aza-Kin, Kin-cho, Kunigami-gun, Okinawa 904-1201<\/td>\n\n\n<\/tr>\n\n\n\n\n<tr>\n\n\n<td>5<\/td>\n\n\n\n\n<td>21<\/td>\n\n\n\n\n<td>s\u00e1b<\/td>\n\n\n\n\n<td>Limpeza do Campo no Distrito de Yaka<\/td>\n\n\n\n\n<td>Neya-Maenuhama<\/td>\n\n\n\n\n<td><\/td>\n\n\n<\/tr>\n\n\n\n\n<tr>\n\n\n<td>6<\/td>\n\n\n\n\n<td>8<\/td>\n\n\n\n\n<td>qua<\/td>\n\n\n\n\n<td>Festival do Barco do Drag\u00e3o de Gogan<\/td>\n\n\n\n\n<td>Kin Fishing Port<\/td>\n\n\n\n\n<td>4363-7 Igei, Kin-cho, Kunigami-gun, Okinawa 904-1202<\/td>\n\n\n<\/tr>\n\n\n\n\n<tr>\n\n\n<td>6<\/td>\n\n\n\n\n<td>11<\/td>\n\n\n\n\n<td>s\u00e1b<\/td>\n\n\n\n\n<td>28\u00b0Festival dos Deuses do Mar<\/td>\n\n\n\n\n<td>Porto de Pesca de Kin<\/td>\n\n\n\n\n<td>4363-7 Aza-Kin, Kin-cho, Kunigami-gun, Okinawa 904-1201<\/td>\n\n\n<\/tr>\n\n\n\n\n<tr>\n\n\n<td>8<\/td>\n\n\n\n\n<td>7<\/td>\n\n\n\n\n<td>dom<\/td>\n\n\n\n\n<td>17\u00b0Festival de Eisa da Cidade de Kin<\/td>\n\n\n\n\n<td>Porto de Pesca de Kin<\/td>\n\n\n\n\n<td>7801 Aza-Kin, Kin-cho, Kunigami-gun, Okinawa 904-1201<\/td>\n\n\n<\/tr>\n\n\n\n\n<tr>\n\n\n<td>9<\/td>\n\n\n\n\n<td>15<\/td>\n\n\n\n\n<td>qui<\/td>\n\n\n\n\n<td>Festival Espiritual da Dan\u00e7a do Le\u00e3o e Contempla\u00e7\u00e3o da Lua<\/td>\n\n\n\n\n<td>Pra\u00e7a Municipal de Nurudunchi\/Kin<\/td>\n\n\n\n\n<td>7758 Aza-Kin, Kin-cho, Kunigami-gun, Okinawa 904-1201<\/td>\n\n\n<\/tr>\n\n\n\n\n<tr>\n\n\n<td>9<\/td>\n\n\n\n\n<td>15<\/td>\n\n\n\n\n<td>qui<\/td>\n\n\n\n\n<td>Festa da Vila de Jugoya<\/td>\n\n\n\n\n<td>Sob o Grande Pinheiro no Distrito de Namizato (Ufumashicha)<\/td>\n\n\n\n\n<td>714-1 Aza-Kin, Kin-cho, Kunigami-gun, Okinawa 904-1201<\/td>\n\n\n<\/tr>\n\n\n\n\n<tr>\n\n\n<td>9<\/td>\n\n\n\n\n<td>15<\/td>\n\n\n\n\n<td>qui<\/td>\n\n\n\n\n<td>Conselho de Mizuki no Distrito de Igei<\/td>\n\n\n\n\n<td>Na \u00c1rea de Atletismo do Distrito de Igei<\/td>\n\n\n\n\n<td>778-1 Igei, Kin-cho, Kunigami-gun, Okinawa 904-1202<\/td>\n\n\n<\/tr>\n\n\n\n\n<tr>\n\n\n<td>10<\/td>\n\n\n\n\n<td>22<\/td>\n\n\n\n\n<td>s\u00e1b<\/td>\n\n\n\n\n<td>37\u00b0Festival da Cidade de Kin<\/td>\n\n\n\n\n<td>Est\u00e1dio da Cidade de Kin<\/td>\n\n\n\n\n<td>Aza-Kin, Kin-cho, Kunigami-gun, Okinawa 904-1201<\/td>\n\n\n<\/tr>\n\n\n\n\n<tr>\n\n\n<td>10<\/td>\n\n\n\n\n<td>22<\/td>\n\n\n\n\n<td>s\u00e1b<\/td>\n\n\n\n\n<td>Conven\u00e7\u00e3o Mundial dos Ilh\u00e9us<\/td>\n\n\n\n\n<td>Est\u00e1dio da Cidade de Kin<\/td>\n\n\n\n\n<td><\/td>\n\n\n<\/tr>\n\n\n\n\n<tr>\n\n\n<td>10<\/td>\n\n\n\n\n<td>23<\/td>\n\n\n\n\n<td>dom<\/td>\n\n\n\n\n<td>23rd Kin Local Performing Arts Festival (held within the Kin Town Festival program)<\/td>\n\n\n\n\n<td>Palco do festival da Cidade de Kin<\/td>\n\n\n\n\n<td><\/td>\n\n\n<\/tr>\n\n\n\n\n<tr>\n\n\n<td>11<\/td>\n\n\n\n\n<td>11<\/td>\n\n\n\n\n<td>sex<\/td>\n\n\n\n\n<td>9\u00b0Festival da Cultural de Kin<\/td>\n\n\n\n\n<td>Audit\u00f3rio P\u00fablico Central da Cidade de Kin<\/td>\n\n\n\n\n<td>7758 Aza-Kin, Kin-cho, Kunigami-gun, Okinawa 904-1201<\/td>\n\n\n<\/tr>\n\n\n\n\n<tr>\n\n\n<td>11<\/td>\n\n\n\n\n<td>20<\/td>\n\n\n\n\n<td>dom<\/td>\n\n\n\n\n<td>2\u00b0Torneio Juvenil de Sum\u00f4 de Kin<\/td>\n\n\n\n\n<td>Pra\u00e7a do Distrito de Kin<\/td>\n\n\n\n\n<td>151 Aza-Kin, Kin-cho, Kunigami-gun, Okinawa 904-1201<\/td>\n\n\n<\/tr>\n\n\n\n\n<tr>\n\n\n<td>12<\/td>\n\n\n\n\n<td>4<\/td>\n\n\n\n\n<td>dom<\/td>\n\n\n\n\n<td>Grande Feira de Comidas e Bebidas<\/td>\n\n\n\n\n<td>Gin\u00e1sio Municipal de Kin<\/td>\n\n\n\n\n<td><\/td>\n\n\n<\/tr>\n\n\n<\/tbody>\n\n\n<\/table>\n\n--><\/p>\n","protected":false},"excerpt":{"rendered":"","protected":false},"author":1,"featured_media":0,"parent":0,"menu_order":0,"comment_status":"closed","ping_status":"closed","template":"","meta":{"_acf_changed":false,"footnotes":""},"class_list":["post-36","page","type-page","status-publish","hentry"],"acf":[],"aioseo_notices":[],"_links":{"self":[{"href":"https:\/\/www.visitkintown.jp\/pt\/wp-json\/wp\/v2\/pages\/36","targetHints":{"allow":["GET"]}}],"collection":[{"href":"https:\/\/www.visitkintown.jp\/pt\/wp-json\/wp\/v2\/pages"}],"about":[{"href":"https:\/\/www.visitkintown.jp\/pt\/wp-json\/wp\/v2\/types\/page"}],"author":[{"embeddable":true,"href":"https:\/\/www.visitkintown.jp\/pt\/wp-json\/wp\/v2\/users\/1"}],"replies":[{"embeddable":true,"href":"https:\/\/www.visitkintown.jp\/pt\/wp-json\/wp\/v2\/comments?post=36"}],"version-history":[{"count":0,"href":"https:\/\/www.visitkintown.jp\/pt\/wp-json\/wp\/v2\/pages\/36\/revisions"}],"wp:attachment":[{"href":"https:\/\/www.visitkintown.jp\/pt\/wp-json\/wp\/v2\/media?parent=36"}],"curies":[{"name":"wp","href":"https:\/\/api.w.org\/{rel}","templated":true}]}}