{"id":39,"date":"2016-03-17T21:52:13","date_gmt":"2016-03-17T12:52:13","guid":{"rendered":"http:\/\/www.visitkintown.jp\/en\/?page_id=39"},"modified":"2016-10-20T10:59:05","modified_gmt":"2016-10-20T01:59:05","slug":"tos","status":"publish","type":"page","link":"https:\/\/www.visitkintown.jp\/pt\/tos","title":{"rendered":"Sobre este site"},"content":{"rendered":"<p>Por favor, verifique os seguintes termos de servi\u00e7o ao usar o site do Portal de Turismo de Kin Town \u201cVisite Kin Town\u201d (doravante, \u201cSITE\u201d).<\/p>\n<h3>Direitos de propriedade intelectual etc.<\/h3>\n<p>Direitos incluindo, mas limitados a, direitos de propriedade intelectual pertencentes ao SITE (incluindo materiais de texto e imagem constituindo do site) devem ser retidos e controlados por Kin Town. Sem a permiss\u00e3o apropriada do propriet\u00e1rio, o uso do SITE sem autoriza\u00e7\u00e3o, em sua totalidade ou em parte (incluindo, sem se limitar a, reprodu\u00e7\u00e3o, desvio, modifica\u00e7\u00e3o, envio e venda) por qualquer usu\u00e1rio constituir\u00e1 ato de viola\u00e7\u00e3o dos direitos leg\u00edtimos do propriet\u00e1rio e \u00e9 estritamente proibido por lei.<\/p>\n<h3>Ambientes recomendados<\/h3>\n<p>Recomendamos os navegadores abaixo para a visualiza\u00e7\u00e3o ideal. Tamb\u00e9m solicitamos que os usu\u00e1rios ativem as configura\u00e7\u00f5es de Javascript e CSS de seu navegador. Observe que utilizar o SITE em outro ambiente que n\u00e3o os ambientes recomendados \u2014 ou mesmo com um ambiente recomendado, dependendo das configura\u00e7\u00f5es do navegador do usu\u00e1rio \u2014 podem fazer com que o site fique inacess\u00edvel ou n\u00e3o seja exibido propriamente.<\/p>\n<p>[Windows]<br \/>\nMicrosoft Internet Explorer: \u00daltima vers\u00e3o<br \/>\nMozilla Firefox: \u00daltima vers\u00e3o<br \/>\nGoogle Chrome: \u00daltima vers\u00e3o<br \/>\n[Macintosh]<br \/>\nSafari: \u00daltima vers\u00e3o<br \/>\nMozilla Firefox: \u00daltima vers\u00e3o<br \/>\nGoogle Chrome: \u00daltima vers\u00e3o<\/p>\n<h3>Links<\/h3>\n<p>Fique \u00e0 vontade para criar um link para o SITE. Nenhuma notifica\u00e7\u00e3o em particular \u00e9 necess\u00e1ria. Os sites de terceiros com links para o SITE s\u00e3o operados e controlados sob sua respectiva responsabilidade. O Kin Town n\u00e3o se responsabiliza por qualquer problema que surja ou seja causado de forma secund\u00e1ria.<\/p>\n<h3>Avisos legais<\/h3>\n<p>Embora tenha a m\u00e1xima aten\u00e7\u00e3o ao publicar informa\u00e7\u00f5es no SITE, o Kin Town n\u00e3o garante a utilidade, exatid\u00e3o ou seguran\u00e7a (incluindo, sem limita\u00e7\u00e3o, ocorr\u00eancia de erros, comportamento normal de todos os recursos, credibilidade de informa\u00e7\u00f5es, corre\u00e7\u00f5es quando ocorrer problemas e a aus\u00eancia de v\u00edrus de computador no SITE e\/ou o servidor web com outros riscos) com rela\u00e7\u00e3o ao conte\u00fado das informa\u00e7\u00f5es publicadas. Os usu\u00e1rios devem usar o SITE sob seus pr\u00f3prios riscos. Portanto, a Kin-cho n\u00e3o ser\u00e1 respons\u00e1vel por qualquer dano ou perda que surja quando essas informa\u00e7\u00f5es forem usadas pelos usu\u00e1rios. As informa\u00e7\u00f5es do SITE podem mudar, serem suspensas ou serem encerradas sem notifica\u00e7\u00e3o pr\u00e9via.<\/p>\n","protected":false},"excerpt":{"rendered":"<p>Por favor, verifique os seguintes termos de servi\u00e7o ao usar o site do Portal de Turismo de Kin Town \u201cVisite Ki [&hellip;]<\/p>\n","protected":false},"author":1,"featured_media":0,"parent":0,"menu_order":0,"comment_status":"closed","ping_status":"closed","template":"","meta":{"_acf_changed":false,"footnotes":""},"class_list":["post-39","page","type-page","status-publish","hentry"],"acf":[],"aioseo_notices":[],"_links":{"self":[{"href":"https:\/\/www.visitkintown.jp\/pt\/wp-json\/wp\/v2\/pages\/39","targetHints":{"allow":["GET"]}}],"collection":[{"href":"https:\/\/www.visitkintown.jp\/pt\/wp-json\/wp\/v2\/pages"}],"about":[{"href":"https:\/\/www.visitkintown.jp\/pt\/wp-json\/wp\/v2\/types\/page"}],"author":[{"embeddable":true,"href":"https:\/\/www.visitkintown.jp\/pt\/wp-json\/wp\/v2\/users\/1"}],"replies":[{"embeddable":true,"href":"https:\/\/www.visitkintown.jp\/pt\/wp-json\/wp\/v2\/comments?post=39"}],"version-history":[{"count":0,"href":"https:\/\/www.visitkintown.jp\/pt\/wp-json\/wp\/v2\/pages\/39\/revisions"}],"wp:attachment":[{"href":"https:\/\/www.visitkintown.jp\/pt\/wp-json\/wp\/v2\/media?parent=39"}],"curies":[{"name":"wp","href":"https:\/\/api.w.org\/{rel}","templated":true}]}}